{"id":344,"date":"2021-10-27T07:51:08","date_gmt":"2021-10-27T05:51:08","guid":{"rendered":"https:\/\/www.eldin.net\/wordpress\/?page_id=344"},"modified":"2021-10-27T07:51:08","modified_gmt":"2021-10-27T05:51:08","slug":"supervision-dune-chambre-froide","status":"publish","type":"page","link":"https:\/\/www.eldin.net\/wordpress\/index.php\/supervision-dune-chambre-froide\/","title":{"rendered":"Supervision d&rsquo;une chambre froide"},"content":{"rendered":"\n<p>La chambre froide est un \u00e9l\u00e9ment important de l&rsquo;exploitation puisque y sont stock\u00e9s les volailles apr\u00e8s leurs abattages en attente de leurs conditionnements et leurs livraisons sur les points de vente. La valeur marchande stock\u00e9e en permanence dans la chambre froide est de l&rsquo;ordre de plusieurs centaines d&rsquo;euros. <\/p>\n\n\n\n<p>Une coupure de courant, une disjonction ou la porte mal ferm\u00e9e peut rapidement provoquer la perte de tout ce qui est a  l&rsquo;int\u00e9rieur.   La temp\u00e9rature doit \u00eatre entre 1\u00b0 et 5\u00b0 en permanence. Les volailles pouvant y s\u00e9journer 3 ou 4 jours avant d\u2019\u00eatre livr\u00e9s. <\/p>\n\n\n\n<p><\/p>\n\n\n\n<p>Le choix de la supervision c&rsquo;est port\u00e9 sur un module SimPal T2 GSM qui permet de superviser la temp\u00e9rature et les \u00e9ventuelles coupures de courant en envoyant des messages d&rsquo;alerte via SMS sur 5 num\u00e9ros de t\u00e9l\u00e9phones portables au maximum.<\/p>\n\n\n\n<div class=\"wp-block-image\"><figure class=\"alignleft is-resized\"><img loading=\"lazy\" decoding=\"async\" src=\"https:\/\/www.eldin.net\/wordpress\/wp-content\/uploads\/2021\/10\/20211006_165738-e1635070504425-150x150.jpg\" alt=\"\" class=\"wp-image-345\" width=\"150\" height=\"150\" srcset=\"https:\/\/www.eldin.net\/wordpress\/wp-content\/uploads\/2021\/10\/20211006_165738-e1635070504425-150x150.jpg 150w, https:\/\/www.eldin.net\/wordpress\/wp-content\/uploads\/2021\/10\/20211006_165738-e1635070504425-100x100.jpg 100w\" sizes=\"(max-width: 150px) 100vw, 150px\" \/><figcaption>Le module SimPal T2<\/figcaption><\/figure><\/div>\n\n\n\n<div class=\"wp-block-image\"><figure class=\"alignright is-resized\"><img loading=\"lazy\" decoding=\"async\" src=\"https:\/\/www.eldin.net\/wordpress\/wp-content\/uploads\/2021\/10\/20211006_165802-e1635070778100-485x1024.jpg\" alt=\"\" class=\"wp-image-347\" width=\"70\" height=\"148\" srcset=\"https:\/\/www.eldin.net\/wordpress\/wp-content\/uploads\/2021\/10\/20211006_165802-e1635070778100-485x1024.jpg 485w, https:\/\/www.eldin.net\/wordpress\/wp-content\/uploads\/2021\/10\/20211006_165802-e1635070778100-142x300.jpg 142w, https:\/\/www.eldin.net\/wordpress\/wp-content\/uploads\/2021\/10\/20211006_165802-e1635070778100-768x1621.jpg 768w, https:\/\/www.eldin.net\/wordpress\/wp-content\/uploads\/2021\/10\/20211006_165802-e1635070778100.jpg 1956w\" sizes=\"(max-width: 70px) 100vw, 70px\" \/><figcaption>La sonde du module SimPal <\/figcaption><\/figure><\/div>\n\n\n\n<p>Le module SimPal est raccord\u00e9 sur la m\u00eame arriv\u00e9e \u00e9lectrique que le groupe froid de la chambre froide. Il est install\u00e9 a l\u2019ext\u00e9rieur de la chambre froide, sur un mur, a proximit\u00e9 du groupe froid. Une sonde reli\u00e9e par un c\u00e2ble de 2m environ part du module Simpal et rentre dans la chambre froide pour mesurer la temp\u00e9rature.<\/p>\n\n\n\n<p><\/p>\n\n\n\n<p>On a trois types de mesures : <\/p>\n\n\n\n<p>&#8211; la pr\u00e9sence ou non du courant \u00e9lectrique <\/p>\n\n\n\n<p>&#8211; la temp\u00e9rature au niveau du module Simpal <\/p>\n\n\n\n<p>&#8211; la temp\u00e9rature au niveau de la sonde d\u00e9port\u00e9e du module simpal <\/p>\n\n\n\n<p> Sur chacune des mesures on peut programmer des alarmes via SMS sur des plages de temp\u00e9ratures. Il est possible d&rsquo;interroger le module a distance via SMS pour avoir les mesures en temps r\u00e9el. Un num\u00e9ro de t\u00e9l\u00e9phone est dit \u00ab\u00a0maitre\u00a0\u00bb qui permet de configurer le module \u00e0 distance via des messages SMS. Le module est facile a configurer en suivant la notice. <\/p>\n\n\n\n<p><\/p>\n\n\n\n<p>Cot\u00e9 co\u00fbt, on trouve le module SimPal T2 entre 50 \u00e0 60\u20ac en fonction des fournisseurs.<\/p>\n\n\n\n<p>exemple :<\/p>\n\n\n\n<p><a href=\"https:\/\/www.domadoo.fr\/fr\/objets-communicants\/3442-simpal-prise-d-alerte-temperature-et-coupure-de-courant-par-sms-694896790316.html\">https:\/\/www.domadoo.fr\/fr\/objets-communicants\/3442-simpal-prise-d-alerte-temperature-et-coupure-de-courant-par-sms-694896790316.html<\/a><\/p>\n\n\n\n<p><a href=\"https:\/\/www.amazon.fr\/Simpal-T2-SMS-Contr%C3%B4leur-courant-temp%C3%A9rature\/dp\/B00KGT4C18\/ref=sr_1_2?__mk_fr_FR=%C3%85M%C3%85%C5%BD%C3%95%C3%91&amp;dchild=1&amp;keywords=simpal+t2&amp;qid=1633499568&amp;sr=8-2\">https:\/\/www.amazon.fr\/Simpal-T2-SMS-Contr%C3%B4leur-courant-temp%C3%A9rature\/dp\/B00KGT4C18\/ref=sr_1_2?__mk_fr_FR=%C3%85M%C3%85%C5%BD%C3%95%C3%91&amp;dchild=1&amp;keywords=simpal+t2&amp;qid=1633499568&amp;sr=8-2<\/a><\/p>\n\n\n\n<p>Cot\u00e9 abonnement GSM, un abonnement Free \u00e0 2\u20ac par mois avec SMS illimit\u00e9s fonctionne parfaitement. C&rsquo;est op\u00e9rationnel depuis mi 2019, et cela fonctionne parfaitement.  Mainte fois le module a fait son job et pr\u00e9venu de disjonctions intempestives, coupures de courant ou d&rsquo;oubli de fermeture de la porte correctement. Le module fonctionne dans un environnement propre, a l&rsquo;int\u00e9rieur, mais r\u00e9guli\u00e8rement humide : situ\u00e9 dans la salle de d\u00e9coupe des volailles, celle ci est tr\u00e8s souvent nettoy\u00e9e \u00e0 grandes eaux et avec des produits d\u00e9-infectants et corrosifs.<\/p>\n","protected":false},"excerpt":{"rendered":"<p>La chambre froide est un \u00e9l\u00e9ment important de l&rsquo;exploitation puisque y sont stock\u00e9s les volailles apr\u00e8s leurs abattages en attente de leurs conditionnements et leurs livraisons sur les points de vente. La valeur marchande stock\u00e9e en permanence dans la chambre froide est de l&rsquo;ordre de plusieurs centaines d&rsquo;euros. Une coupure de courant, une disjonction ou &hellip; <\/p>\n<p class=\"link-more\"><a href=\"https:\/\/www.eldin.net\/wordpress\/index.php\/supervision-dune-chambre-froide\/\" class=\"more-link\">Continuer la lecture<span class=\"screen-reader-text\"> de &laquo;&nbsp;Supervision d&rsquo;une chambre froide&nbsp;&raquo;<\/span><\/a><\/p>\n","protected":false},"author":1,"featured_media":0,"parent":0,"menu_order":0,"comment_status":"closed","ping_status":"closed","template":"","meta":{"footnotes":""},"class_list":["post-344","page","type-page","status-publish","hentry"],"_links":{"self":[{"href":"https:\/\/www.eldin.net\/wordpress\/index.php\/wp-json\/wp\/v2\/pages\/344"}],"collection":[{"href":"https:\/\/www.eldin.net\/wordpress\/index.php\/wp-json\/wp\/v2\/pages"}],"about":[{"href":"https:\/\/www.eldin.net\/wordpress\/index.php\/wp-json\/wp\/v2\/types\/page"}],"author":[{"embeddable":true,"href":"https:\/\/www.eldin.net\/wordpress\/index.php\/wp-json\/wp\/v2\/users\/1"}],"replies":[{"embeddable":true,"href":"https:\/\/www.eldin.net\/wordpress\/index.php\/wp-json\/wp\/v2\/comments?post=344"}],"version-history":[{"count":7,"href":"https:\/\/www.eldin.net\/wordpress\/index.php\/wp-json\/wp\/v2\/pages\/344\/revisions"}],"predecessor-version":[{"id":353,"href":"https:\/\/www.eldin.net\/wordpress\/index.php\/wp-json\/wp\/v2\/pages\/344\/revisions\/353"}],"wp:attachment":[{"href":"https:\/\/www.eldin.net\/wordpress\/index.php\/wp-json\/wp\/v2\/media?parent=344"}],"curies":[{"name":"wp","href":"https:\/\/api.w.org\/{rel}","templated":true}]}}