{"id":392,"date":"2021-10-27T08:15:58","date_gmt":"2021-10-27T06:15:58","guid":{"rendered":"https:\/\/www.eldin.net\/wordpress\/?page_id=392"},"modified":"2021-10-27T08:32:22","modified_gmt":"2021-10-27T06:32:22","slug":"supervision-des-poussinieres-avec-domoticz","status":"publish","type":"page","link":"https:\/\/www.eldin.net\/wordpress\/index.php\/supervision-des-poussinieres-avec-domoticz\/","title":{"rendered":"Supervision des Poussini\u00e8res avec Domoticz"},"content":{"rendered":"\n<p>Pour compl\u00e9ter le module SimPal T2 qui supervise les coupures de courant et la temp\u00e9rature, on a mis en place une supervision via un Raspberry Pi et le logiciel <a href=\"https:\/\/www.domoticz.com\">Domoticz<\/a>. Cela permet d&rsquo;avoir le relev\u00e9\/suivi de temp\u00e9rature \/ humidit\u00e9 par poussini\u00e8re. Il y a 4 poussini\u00e8res \u00e9quip\u00e9es d&rsquo;une sonde plus une sonde qui permet d&rsquo;avoir la temp\u00e9rature\/humidit\u00e9 ext\u00e9rieure . Les sondes sont du type  DTH22.<\/p>\n\n\n\n<figure class=\"wp-block-image\"><img loading=\"lazy\" decoding=\"async\" width=\"1024\" height=\"485\" src=\"https:\/\/www.eldin.net\/wordpress\/wp-content\/uploads\/2021\/10\/20200708_101121-1024x485.jpg\" alt=\"\" class=\"wp-image-394\" srcset=\"https:\/\/www.eldin.net\/wordpress\/wp-content\/uploads\/2021\/10\/20200708_101121-1024x485.jpg 1024w, https:\/\/www.eldin.net\/wordpress\/wp-content\/uploads\/2021\/10\/20200708_101121-300x142.jpg 300w, https:\/\/www.eldin.net\/wordpress\/wp-content\/uploads\/2021\/10\/20200708_101121-768x364.jpg 768w\" sizes=\"(max-width: 767px) 89vw, (max-width: 1000px) 54vw, (max-width: 1071px) 543px, 580px\" \/><figcaption>Le Raspberry, le bloc de relais et le bornier de raccordement des sondes DHT22.<\/figcaption><\/figure>\n\n\n\n<p>Un bloc de 4 relais 5v\/220v permet de g\u00e9rer les ventilations des poussini\u00e8res. Une cam\u00e9ra est install\u00e9e dans chaque poussini\u00e8re avec l&rsquo;archivage d&rsquo;une photo par minute sur 3 jours. Le tout est g\u00e9r\u00e9 par le logiciel Domoticz. <\/p>\n\n\n\n<p>L&rsquo;id\u00e9e \u00e9tait de pouvoir d\u00e9clencher automatiquement les ventilations en fonction de la temp\u00e9rature et du taux d&rsquo;humidit\u00e9 mais il s&rsquo;est av\u00e9r\u00e9 plus simple de g\u00e9rer \u00e7a \u00ab\u00a0manuellement\u00a0\u00bb. <\/p>\n\n\n\n<figure class=\"wp-block-image\"><img loading=\"lazy\" decoding=\"async\" width=\"1024\" height=\"485\" src=\"https:\/\/www.eldin.net\/wordpress\/wp-content\/uploads\/2021\/10\/20200713_145351-1024x485.jpg\" alt=\"\" class=\"wp-image-395\" srcset=\"https:\/\/www.eldin.net\/wordpress\/wp-content\/uploads\/2021\/10\/20200713_145351-1024x485.jpg 1024w, https:\/\/www.eldin.net\/wordpress\/wp-content\/uploads\/2021\/10\/20200713_145351-300x142.jpg 300w, https:\/\/www.eldin.net\/wordpress\/wp-content\/uploads\/2021\/10\/20200713_145351-768x364.jpg 768w\" sizes=\"(max-width: 767px) 89vw, (max-width: 1000px) 54vw, (max-width: 1071px) 543px, 580px\" \/><\/figure>\n\n\n\n<p>Le tout est connect\u00e9 a Internet via un relais Wifi et un routeur 4g. Les services web et ssh du raspberry sont redirig\u00e9s via du reverse ssh sur un serveur lou\u00e9 dans un datacenter pour les acc\u00e8s \u00e0 distance. <\/p>\n\n\n\n<p>Cot\u00e9 abonnement 4G, avec un abonnement de  5Go\/mois de data suffit. C&rsquo;est op\u00e9rationnel depuis 2020 et cela fonctionne sans soucis. <\/p>\n\n\n\n<p>Tant qu&rsquo;on y \u00e9tait, une cam\u00e9ra a \u00e9t\u00e9 install\u00e9e dans chaque box d\u2019\u00e9levage des poulets avec une photo par minute archiv\u00e9e sur 3 jours.<\/p>\n\n\n\n<p><\/p>\n\n\n\n<figure class=\"wp-block-image is-resized\"><img loading=\"lazy\" decoding=\"async\" src=\"https:\/\/www.eldin.net\/wordpress\/wp-content\/uploads\/2021\/10\/Screenshot_20211006-123311_Domoticz-Lite-485x1024.jpg\" alt=\"\" class=\"wp-image-397\" width=\"364\" height=\"768\" srcset=\"https:\/\/www.eldin.net\/wordpress\/wp-content\/uploads\/2021\/10\/Screenshot_20211006-123311_Domoticz-Lite-485x1024.jpg 485w, https:\/\/www.eldin.net\/wordpress\/wp-content\/uploads\/2021\/10\/Screenshot_20211006-123311_Domoticz-Lite-142x300.jpg 142w, https:\/\/www.eldin.net\/wordpress\/wp-content\/uploads\/2021\/10\/Screenshot_20211006-123311_Domoticz-Lite.jpg 720w\" sizes=\"(max-width: 364px) 100vw, 364px\" \/><figcaption>Vue de la cam\u00e9ra d&rsquo;une poussini\u00e8re<\/figcaption><\/figure>\n\n\n\n<p>Cot\u00e9 r\u00e9alisation, le raspberry est dans un boitier \u00e9tanche. les cam\u00e9ras sont aliment\u00e9es par un switch POE. Les sondes DHT22 sont raccord\u00e9es au raspberry avec du fils blind\u00e9. Les connexions sont soud\u00e9es. La plus \u00e9loign\u00e9e est a 10m du rapsberry et cela fonctionne.  L&rsquo;environnement est assez rude pour tout le mat\u00e9riel ( poussi\u00e8res, toiles d&rsquo;araign\u00e9es, humidit\u00e9, etc &#8230; ). Les cam\u00e9ras permettent de suivre approvisionnement en nourriture et de r\u00e9soudre rapidement des soucis de fuite d&rsquo;eau d\u2019abreuvage par exemple. Par contre, elles n&rsquo;ont pas emp\u00each\u00e9es des attaques par des pr\u00e9dateurs ( renards, fouines ) mais elles ont permis de trouver les points faibles ayant permis les intrusions.<\/p>\n\n\n\n<figure class=\"wp-block-image\"><img loading=\"lazy\" decoding=\"async\" width=\"1024\" height=\"576\" src=\"https:\/\/www.eldin.net\/wordpress\/wp-content\/uploads\/2021\/10\/P21053123240410-1024x576.jpg\" alt=\"\" class=\"wp-image-402\" srcset=\"https:\/\/www.eldin.net\/wordpress\/wp-content\/uploads\/2021\/10\/P21053123240410-1024x576.jpg 1024w, https:\/\/www.eldin.net\/wordpress\/wp-content\/uploads\/2021\/10\/P21053123240410-300x169.jpg 300w, https:\/\/www.eldin.net\/wordpress\/wp-content\/uploads\/2021\/10\/P21053123240410-768x432.jpg 768w, https:\/\/www.eldin.net\/wordpress\/wp-content\/uploads\/2021\/10\/P21053123240410.jpg 1920w\" sizes=\"(max-width: 767px) 89vw, (max-width: 1000px) 54vw, (max-width: 1071px) 543px, 580px\" \/><figcaption>Intrusion d&rsquo;un renard, bilan env 60 poulets tu\u00e9s &#8230;<\/figcaption><\/figure>\n","protected":false},"excerpt":{"rendered":"<p>Pour compl\u00e9ter le module SimPal T2 qui supervise les coupures de courant et la temp\u00e9rature, on a mis en place une supervision via un Raspberry Pi et le logiciel Domoticz. Cela permet d&rsquo;avoir le relev\u00e9\/suivi de temp\u00e9rature \/ humidit\u00e9 par poussini\u00e8re. Il y a 4 poussini\u00e8res \u00e9quip\u00e9es d&rsquo;une sonde plus une sonde qui permet d&rsquo;avoir &hellip; <\/p>\n<p class=\"link-more\"><a href=\"https:\/\/www.eldin.net\/wordpress\/index.php\/supervision-des-poussinieres-avec-domoticz\/\" class=\"more-link\">Continuer la lecture<span class=\"screen-reader-text\"> de &laquo;&nbsp;Supervision des Poussini\u00e8res avec Domoticz&nbsp;&raquo;<\/span><\/a><\/p>\n","protected":false},"author":1,"featured_media":0,"parent":0,"menu_order":0,"comment_status":"closed","ping_status":"closed","template":"","meta":{"footnotes":""},"class_list":["post-392","page","type-page","status-publish","hentry"],"_links":{"self":[{"href":"https:\/\/www.eldin.net\/wordpress\/index.php\/wp-json\/wp\/v2\/pages\/392"}],"collection":[{"href":"https:\/\/www.eldin.net\/wordpress\/index.php\/wp-json\/wp\/v2\/pages"}],"about":[{"href":"https:\/\/www.eldin.net\/wordpress\/index.php\/wp-json\/wp\/v2\/types\/page"}],"author":[{"embeddable":true,"href":"https:\/\/www.eldin.net\/wordpress\/index.php\/wp-json\/wp\/v2\/users\/1"}],"replies":[{"embeddable":true,"href":"https:\/\/www.eldin.net\/wordpress\/index.php\/wp-json\/wp\/v2\/comments?post=392"}],"version-history":[{"count":9,"href":"https:\/\/www.eldin.net\/wordpress\/index.php\/wp-json\/wp\/v2\/pages\/392\/revisions"}],"predecessor-version":[{"id":407,"href":"https:\/\/www.eldin.net\/wordpress\/index.php\/wp-json\/wp\/v2\/pages\/392\/revisions\/407"}],"wp:attachment":[{"href":"https:\/\/www.eldin.net\/wordpress\/index.php\/wp-json\/wp\/v2\/media?parent=392"}],"curies":[{"name":"wp","href":"https:\/\/api.w.org\/{rel}","templated":true}]}}